{"id":1130,"date":"2020-11-06T11:48:46","date_gmt":"2020-11-06T09:48:46","guid":{"rendered":"https:\/\/gazteluostatua.eus\/eramateko\/"},"modified":"2021-09-13T10:36:58","modified_gmt":"2021-09-13T08:36:58","slug":"eramateko","status":"publish","type":"page","link":"https:\/\/gazteluostatua.eus\/es\/eramateko\/","title":{"rendered":"Para llevar"},"content":{"rendered":"\n<h3 class=\"has-text-align-left\">Elige lo que quieres y llama al <a href=\"tel:+34943511084\">943 511 084<\/a> para hacer tu pedido.<\/h3>\n\n\n\n<hr class=\"wp-block-separator has-text-color has-background is-style-dots\" style=\"background-color:#ffffff;color:#ffffff\"\/>\n\n\n\n<div class=\"wp-block-columns\">\n<div class=\"wp-block-column\">\n<h3>Rec\u00f3gelo en el restaurante:<\/h3>\n\n\n\n<h4><strong><a href=\"tel:+34943511084\">Llama<\/a><\/strong> para hacer tu pedido y rec\u00f3gelo en el restaurante (<strong>Andra Mari kalea, 6<br>Orereta-Errenteria<\/strong>)<\/h4>\n\n\n\n<p><strong>De 12,00 a 15,30<\/strong><\/p>\n<\/div>\n\n\n\n<div class=\"wp-block-column\">\n<h3>Rec\u00edbelo en casa:<\/h3>\n\n\n\n<p><strong>Servicio suspendido temporalmente<\/strong><\/p>\n<\/div>\n<\/div>\n\n\n\n<p><\/p>\n","protected":false},"excerpt":{"rendered":"<p>Elige lo que quieres y llama al 943 511 084 para hacer tu pedido. Rec\u00f3gelo en el restaurante: Llama para hacer tu pedido y rec\u00f3gelo en el restaurante (Andra Mari kalea, 6Orereta-Errenteria) De 12,00 a 15,30 Rec\u00edbelo en casa: Servicio suspendido temporalmente<\/p>\n","protected":false},"author":1,"featured_media":0,"parent":0,"menu_order":0,"comment_status":"closed","ping_status":"closed","template":"views\/template-eramateko.blade.php","meta":[],"_links":{"self":[{"href":"https:\/\/gazteluostatua.eus\/es\/wp-json\/wp\/v2\/pages\/1130"}],"collection":[{"href":"https:\/\/gazteluostatua.eus\/es\/wp-json\/wp\/v2\/pages"}],"about":[{"href":"https:\/\/gazteluostatua.eus\/es\/wp-json\/wp\/v2\/types\/page"}],"author":[{"embeddable":true,"href":"https:\/\/gazteluostatua.eus\/es\/wp-json\/wp\/v2\/users\/1"}],"replies":[{"embeddable":true,"href":"https:\/\/gazteluostatua.eus\/es\/wp-json\/wp\/v2\/comments?post=1130"}],"version-history":[{"count":10,"href":"https:\/\/gazteluostatua.eus\/es\/wp-json\/wp\/v2\/pages\/1130\/revisions"}],"predecessor-version":[{"id":1998,"href":"https:\/\/gazteluostatua.eus\/es\/wp-json\/wp\/v2\/pages\/1130\/revisions\/1998"}],"wp:attachment":[{"href":"https:\/\/gazteluostatua.eus\/es\/wp-json\/wp\/v2\/media?parent=1130"}],"curies":[{"name":"wp","href":"https:\/\/api.w.org\/{rel}","templated":true}]}}